{"id":492,"date":"2023-06-01T12:04:03","date_gmt":"2023-06-01T10:04:03","guid":{"rendered":"https:\/\/machtalu.com\/histoire-dorigine\/"},"modified":"2023-07-12T14:30:31","modified_gmt":"2023-07-12T12:30:31","slug":"histoire-dorigine","status":"publish","type":"page","link":"https:\/\/equichance.fr\/fr\/histoire-dorigine\/","title":{"rendered":"Histoire d&rsquo;origine"},"content":{"rendered":"<p>[et_pb_section fb_built=\u00a0\u00bb1&Prime; _builder_version=\u00a0\u00bb4.21.0&Prime; _module_preset=\u00a0\u00bbdefault\u00a0\u00bb background_image=\u00a0\u00bbhttps:\/\/equichance.fr\/wp-content\/uploads\/2023\/05\/DSC00823-straightened-scaled.jpg\u00a0\u00bb background_position=\u00a0\u00bbcenter_right\u00a0\u00bb global_colors_info=\u00a0\u00bb{}\u00a0\u00bb theme_builder_area=\u00a0\u00bbpost_content\u00a0\u00bb][et_pb_row _builder_version=\u00a0\u00bb4.21.0&Prime; _module_preset=\u00a0\u00bbdefault\u00a0\u00bb global_colors_info=\u00a0\u00bb{}\u00a0\u00bb theme_builder_area=\u00a0\u00bbpost_content\u00a0\u00bb][et_pb_column type=\u00a0\u00bb4_4&Prime; _builder_version=\u00a0\u00bb4.21.0&Prime; _module_preset=\u00a0\u00bbdefault\u00a0\u00bb global_colors_info=\u00a0\u00bb{}\u00a0\u00bb theme_builder_area=\u00a0\u00bbpost_content\u00a0\u00bb][et_pb_text _builder_version=\u00a0\u00bb4.21.0&Prime; _module_preset=\u00a0\u00bbdefault\u00a0\u00bb header_font=\u00a0\u00bb|||on|||||\u00a0\u00bb header_text_color=\u00a0\u00bb#FFFFFF\u00a0\u00bb header_font_size=\u00a0\u00bb40px\u00a0\u00bb hover_enabled=\u00a0\u00bb0&Prime; global_colors_info=\u00a0\u00bb{}\u00a0\u00bb theme_builder_area=\u00a0\u00bbpost_content\u00a0\u00bb sticky_enabled=\u00a0\u00bb0&Prime;]<\/p>\n<h1 style=\"text-align: center;\">Comment tout a commenc\u00e9<\/h1>\n<p>[\/et_pb_text][\/et_pb_column][\/et_pb_row][\/et_pb_section][et_pb_section fb_built=\u00a0\u00bb1&Prime; _builder_version=\u00a0\u00bb4.21.0&Prime; _module_preset=\u00a0\u00bbdefault\u00a0\u00bb global_colors_info=\u00a0\u00bb{}\u00a0\u00bb theme_builder_area=\u00a0\u00bbpost_content\u00a0\u00bb][et_pb_row _builder_version=\u00a0\u00bb4.21.0&Prime; _module_preset=\u00a0\u00bbdefault\u00a0\u00bb global_colors_info=\u00a0\u00bb{}\u00a0\u00bb theme_builder_area=\u00a0\u00bbpost_content\u00a0\u00bb][et_pb_column type=\u00a0\u00bb4_4&Prime; _builder_version=\u00a0\u00bb4.21.0&Prime; _module_preset=\u00a0\u00bbdefault\u00a0\u00bb global_colors_info=\u00a0\u00bb{}\u00a0\u00bb theme_builder_area=\u00a0\u00bbpost_content\u00a0\u00bb][et_pb_text _builder_version=\u00a0\u00bb4.21.0&Prime; _module_preset=\u00a0\u00bbdefault\u00a0\u00bb hover_enabled=\u00a0\u00bb0&Prime; global_colors_info=\u00a0\u00bb{}\u00a0\u00bb theme_builder_area=\u00a0\u00bbpost_content\u00a0\u00bb sticky_enabled=\u00a0\u00bb0&Prime;]<\/p>\n<h3 style=\"text-align: left;\">Alors tout a commenc\u00e9 \u00e0 Tobago de l&rsquo;autre c\u00f4t\u00e9 de l&rsquo;oc\u00e9an&#8230;<\/h3>\n<p>Nous avions une maison familiale o\u00f9 nous allions quand les enfants \u00e9taient petits et qui nous faisait sentir comme chez nous. Nous avons fait beaucoup d&rsquo;\u00e9quitation l\u00e0-bas; des galops assez sauvages qui \u00e9taient, avec du recul, assez casse-cou et dangereux. Puis un jour j&rsquo;ai d\u00e9couvert Veronika qui dirigeait un centre tr\u00e8s diff\u00e9rent appel\u00e9 <a href=\"https:\/\/www.being-with-horses.com\/\" target=\"_blank\" rel=\"noopener\">Being with Horses<\/a>. Elle \u00e9tait et est toujours une femme incroyablement majestueuse qui aurait pu faire n&rsquo;importe quoi de sa vie et avait choisi de la d\u00e9dier \u00e0 \u00ab\u00a0aider les gens \u00e0 se sentir mieux avec les chevaux\u00a0\u00bb. Nous restons en contact et elle reste la personne qui m&rsquo;a le plus inspir\u00e9 dans cette aventure \u00e0 venir. Nous nous sommes revus r\u00e9cemment apr\u00e8s environ 13 ans et cela s&rsquo;est confirm\u00e9 et nous allons bien s\u00fbr travailler en partenariat. Ce que Veronika, avec son partenaire Lennon, avait r\u00e9alis\u00e9 \u00e9tait un havre de paix et de s\u00e9r\u00e9nit\u00e9 o\u00f9 tous les types de personnes pouvaient s&rsquo;unir pour simplement \u00ab\u00a0\u00eatre avec les chevaux\u00a0\u00bb et ainsi trouver leur propre calme int\u00e9rieur et leur forme individuelle de gu\u00e9rison. Elle avait d\u00e9velopp\u00e9 une offre pour les personnes \u00e0 besoins sp\u00e9cifiques et y avait naturellement inclus la r\u00e9insertion sociale mais sans \u00e9tiquettes et surtout sans prise de t\u00eate. Ils ont bien s\u00fbr \u00e9volu\u00e9 mais les principes et l&rsquo;ambiance restent les m\u00eames.<\/p>\n<p>&nbsp;<\/p>\n<p>Il nous a fallu beaucoup de temps pour enfin lancer \u00ab Equichance \u00bb. Nous avons travers\u00e9 de nombreuses m\u00e9saventures, notamment un divorce, des d\u00e9m\u00e9nagements, des d\u00e9c\u00e8s de chevaux, des probl\u00e8mes de sant\u00e9 mentale et physique et bien plus encore. Aujourd&rsquo;hui, nous avons enfin trouv\u00e9 le bon endroit et avons l&rsquo;intention de cr\u00e9er quelque chose de similaire mais bien s\u00fbr aussi assez diff\u00e9rent de ce que Veronika a fait avec succ\u00e8s \u00e0 Tobago. Machtalu est la soci\u00e9t\u00e9 de portefeuille et aussi le lieu \u00ab Mas Chtalu \u00bb. Equichance est l&rsquo;activit\u00e9 principale et, comme son nom l&rsquo;indique, il s&rsquo;agira d&rsquo;\u00e9galit\u00e9 ; des r\u00e8gles du jeu \u00e9quitables bas\u00e9es sur l&rsquo;apprentissage mutuel entre l&rsquo;homme et le cheval, bien que le premier ait sans doute plus \u00e0 apprendre que le second. Il s&rsquo;agira \u00e9galement de donner \u00e0 ceux qui ne peuvent normalement pas se permettre (financi\u00e8rement ou physiquement) de passer du temps avec des chevaux de le faire.<\/p>\n<p>&nbsp;<\/p>\n<p>D&rsquo;autres activit\u00e9s suivront, \u00e0 savoir la poterie, la danse et le chant, mais celles-ci viendront s&rsquo;ajouter \u00e0 l&rsquo;accent principal qui sera mis sur les chevaux.<\/p>\n<p>[\/et_pb_text][\/et_pb_column][\/et_pb_row][\/et_pb_section]<\/p>\n","protected":false},"excerpt":{"rendered":"<p>Comment tout a commenc\u00e9Alors tout a commenc\u00e9 \u00e0 Tobago de l&rsquo;autre c\u00f4t\u00e9 de l&rsquo;oc\u00e9an&#8230; Nous avions une maison familiale o\u00f9 nous allions quand les enfants \u00e9taient petits et qui nous faisait sentir comme chez nous. Nous avons fait beaucoup d&rsquo;\u00e9quitation l\u00e0-bas; des galops assez sauvages qui \u00e9taient, avec du recul, assez casse-cou et dangereux. Puis [&hellip;]<\/p>\n","protected":false},"author":2,"featured_media":0,"parent":0,"menu_order":0,"comment_status":"closed","ping_status":"closed","template":"","meta":{"_et_pb_use_builder":"on","_et_pb_old_content":"","_et_gb_content_width":"","footnotes":""},"class_list":["post-492","page","type-page","status-publish","hentry"],"_links":{"self":[{"href":"https:\/\/equichance.fr\/fr\/wp-json\/wp\/v2\/pages\/492","targetHints":{"allow":["GET"]}}],"collection":[{"href":"https:\/\/equichance.fr\/fr\/wp-json\/wp\/v2\/pages"}],"about":[{"href":"https:\/\/equichance.fr\/fr\/wp-json\/wp\/v2\/types\/page"}],"author":[{"embeddable":true,"href":"https:\/\/equichance.fr\/fr\/wp-json\/wp\/v2\/users\/2"}],"replies":[{"embeddable":true,"href":"https:\/\/equichance.fr\/fr\/wp-json\/wp\/v2\/comments?post=492"}],"version-history":[{"count":6,"href":"https:\/\/equichance.fr\/fr\/wp-json\/wp\/v2\/pages\/492\/revisions"}],"predecessor-version":[{"id":556,"href":"https:\/\/equichance.fr\/fr\/wp-json\/wp\/v2\/pages\/492\/revisions\/556"}],"wp:attachment":[{"href":"https:\/\/equichance.fr\/fr\/wp-json\/wp\/v2\/media?parent=492"}],"curies":[{"name":"wp","href":"https:\/\/api.w.org\/{rel}","templated":true}]}}