{"id":965,"date":"2025-04-10T17:07:38","date_gmt":"2025-04-10T15:07:38","guid":{"rendered":"https:\/\/equichance.fr\/equichance-aujourdhui\/"},"modified":"2025-04-10T17:16:32","modified_gmt":"2025-04-10T15:16:32","slug":"equichance-aujourdhui","status":"publish","type":"page","link":"https:\/\/equichance.fr\/fr\/equichance-aujourdhui\/","title":{"rendered":"Nos clients"},"content":{"rendered":"<p>[et_pb_section fb_built=\u00a0\u00bb1&Prime; _builder_version=\u00a0\u00bb4.27.4&Prime; _module_preset=\u00a0\u00bbdefault\u00a0\u00bb background_image=\u00a0\u00bbhttps:\/\/equichance.fr\/wp-content\/uploads\/2025\/04\/DSC06681.jpg\u00a0\u00bb background_position=\u00a0\u00bbcenter_right\u00a0\u00bb hover_enabled=\u00a0\u00bb0&Prime; global_colors_info=\u00a0\u00bb{}\u00a0\u00bb theme_builder_area=\u00a0\u00bbpost_content\u00a0\u00bb title_text=\u00a0\u00bbDSC06681&Prime; height=\u00a0\u00bb550px\u00a0\u00bb sticky_enabled=\u00a0\u00bb0&Prime;][et_pb_row _builder_version=\u00a0\u00bb4.21.0&Prime; _module_preset=\u00a0\u00bbdefault\u00a0\u00bb global_colors_info=\u00a0\u00bb{}\u00a0\u00bb theme_builder_area=\u00a0\u00bbpost_content\u00a0\u00bb][et_pb_column type=\u00a0\u00bb4_4&Prime; _builder_version=\u00a0\u00bb4.21.0&Prime; _module_preset=\u00a0\u00bbdefault\u00a0\u00bb global_colors_info=\u00a0\u00bb{}\u00a0\u00bb theme_builder_area=\u00a0\u00bbpost_content\u00a0\u00bb][et_pb_text _builder_version=\u00a0\u00bb4.27.4&Prime; _module_preset=\u00a0\u00bbdefault\u00a0\u00bb header_font=\u00a0\u00bb|||on|||||\u00a0\u00bb header_text_color=\u00a0\u00bb#FFFFFF\u00a0\u00bb header_font_size=\u00a0\u00bb40px\u00a0\u00bb hover_enabled=\u00a0\u00bb0&Prime; global_colors_info=\u00a0\u00bb{}\u00a0\u00bb theme_builder_area=\u00a0\u00bbpost_content\u00a0\u00bb custom_margin=\u00a0\u00bb150px||||false|false\u00a0\u00bb sticky_enabled=\u00a0\u00bb0&Prime;]<\/p>\n<h1 style=\"text-align: center;\">nos clients<\/h1>\n<p>[\/et_pb_text][\/et_pb_column][\/et_pb_row][\/et_pb_section][et_pb_section fb_built=\u00a0\u00bb1&Prime; _builder_version=\u00a0\u00bb4.21.0&Prime; _module_preset=\u00a0\u00bbdefault\u00a0\u00bb global_colors_info=\u00a0\u00bb{}\u00a0\u00bb theme_builder_area=\u00a0\u00bbpost_content\u00a0\u00bb][et_pb_row _builder_version=\u00a0\u00bb4.21.0&Prime; _module_preset=\u00a0\u00bbdefault\u00a0\u00bb global_colors_info=\u00a0\u00bb{}\u00a0\u00bb theme_builder_area=\u00a0\u00bbpost_content\u00a0\u00bb][et_pb_column type=\u00a0\u00bb4_4&Prime; _builder_version=\u00a0\u00bb4.21.0&Prime; _module_preset=\u00a0\u00bbdefault\u00a0\u00bb global_colors_info=\u00a0\u00bb{}\u00a0\u00bb theme_builder_area=\u00a0\u00bbpost_content\u00a0\u00bb][et_pb_text _builder_version=\u00a0\u00bb4.27.4&Prime; _module_preset=\u00a0\u00bbdefault\u00a0\u00bb hover_enabled=\u00a0\u00bb0&Prime; global_colors_info=\u00a0\u00bb{}\u00a0\u00bb theme_builder_area=\u00a0\u00bbpost_content\u00a0\u00bb sticky_enabled=\u00a0\u00bb0&Prime;]<\/p>\n<h3 style=\"text-align: left;\">Clubhouse<\/h3>\n<p>Aujourd&rsquo;hui, nous travaillons principalement avec <a href=\"https:\/\/www.clubhousefrance.org\/\" target=\"_blank\" rel=\"noopener\">Clubhouse<\/a> &#8211; la plus grande association caritative de sant\u00e9 mentale de France avec des centres de jour dans toutes les grandes villes du pays. Clubhouse offre une communaut\u00e9 de r\u00e9tablissement en sant\u00e9 mentale et soutient les personnes en les accompagnant dans leur cheminement vers la r\u00e9int\u00e9gration.<\/p>\n<p>Pour le moment nous travaillons sur une base bimensuelle avec <a href=\"https:\/\/www.clubhousefrance.org\/nos-implantations\/clubhouse-marseille\/\" target=\"_blank\" rel=\"noopener\">Clubhouse Marseille<\/a> , et nous commencerons \u00e0 travailler avec Clubhouse Lyon \u00e0 partir de septembre 2025.<\/p>\n<p>[\/et_pb_text][et_pb_text _builder_version=\u00a0\u00bb4.27.4&Prime; _module_preset=\u00a0\u00bbdefault\u00a0\u00bb hover_enabled=\u00a0\u00bb0&Prime; global_colors_info=\u00a0\u00bb{}\u00a0\u00bb theme_builder_area=\u00a0\u00bbpost_content\u00a0\u00bb sticky_enabled=\u00a0\u00bb0&Prime;]<\/p>\n<h3 style=\"text-align: left;\">Une journ\u00e9e avec nous<\/h3>\n<p>Lorsque les participants nous rejoignent pour la journ\u00e9e, \u00e0 leur arriv\u00e9e, deux groupes sont form\u00e9s ; le premier aide \u00e0 pr\u00e9parer un d\u00e9jeuner pour tout le monde, le second pr\u00e9pare et toilette les chevaux pour les s\u00e9ances qui auront lieu ce jour-l\u00e0.<\/p>\n<p>Apr\u00e8s le d\u00e9jeuner, notre Equith\u00e9rapeute Yannique arrive. Nous commen\u00e7ons par un check-in pour avoir une id\u00e9e de l&rsquo;\u00e9nergie des participants ce jour-l\u00e0.<\/p>\n<p>Chaque participant va ensuite prendre contact avec son cheval de choix et celui avec lequel il travaillera cet apr\u00e8s-midi-l\u00e0. Les participants conduisent ensuite leurs chevaux dans le man\u00e8ge et chacun fait ensemble un exercice de m\u00e9ditation\/respiration pour synchroniser son rythme cardiaque avec celui des chevaux.<\/p>\n<p>Les participants effectuent ensuite des exercices individuels avec leur cheval avant de r\u00e9aliser un jeu en groupe.<\/p>\n<p>Apr\u00e8s quelques heures d&rsquo;\u00e9quith\u00e9rapie en pleine nature, th\u00e9 et biscuits sont d\u00e9gust\u00e9s avant de repartir vers Marseille.<\/p>\n<p>Toutes les s\u00e9ances sont encadr\u00e9es par une \u00e9quipe de quatre b\u00e9n\u00e9voles.<\/p>\n<p>&nbsp;<\/p>\n<p>[\/et_pb_text][\/et_pb_column][\/et_pb_row][\/et_pb_section]<\/p>\n","protected":false},"excerpt":{"rendered":"<p>nos clientsClubhouse Aujourd&rsquo;hui, nous travaillons principalement avec Clubhouse &#8211; la plus grande association caritative de sant\u00e9 mentale de France avec des centres de jour dans toutes les grandes villes du pays. Clubhouse offre une communaut\u00e9 de r\u00e9tablissement en sant\u00e9 mentale et soutient les personnes en les accompagnant dans leur cheminement vers la r\u00e9int\u00e9gration. Pour le [&hellip;]<\/p>\n","protected":false},"author":2,"featured_media":0,"parent":0,"menu_order":0,"comment_status":"closed","ping_status":"closed","template":"","meta":{"_et_pb_use_builder":"on","_et_pb_old_content":"","_et_gb_content_width":"","footnotes":""},"class_list":["post-965","page","type-page","status-publish","hentry"],"_links":{"self":[{"href":"https:\/\/equichance.fr\/fr\/wp-json\/wp\/v2\/pages\/965","targetHints":{"allow":["GET"]}}],"collection":[{"href":"https:\/\/equichance.fr\/fr\/wp-json\/wp\/v2\/pages"}],"about":[{"href":"https:\/\/equichance.fr\/fr\/wp-json\/wp\/v2\/types\/page"}],"author":[{"embeddable":true,"href":"https:\/\/equichance.fr\/fr\/wp-json\/wp\/v2\/users\/2"}],"replies":[{"embeddable":true,"href":"https:\/\/equichance.fr\/fr\/wp-json\/wp\/v2\/comments?post=965"}],"version-history":[{"count":12,"href":"https:\/\/equichance.fr\/fr\/wp-json\/wp\/v2\/pages\/965\/revisions"}],"predecessor-version":[{"id":986,"href":"https:\/\/equichance.fr\/fr\/wp-json\/wp\/v2\/pages\/965\/revisions\/986"}],"wp:attachment":[{"href":"https:\/\/equichance.fr\/fr\/wp-json\/wp\/v2\/media?parent=965"}],"curies":[{"name":"wp","href":"https:\/\/api.w.org\/{rel}","templated":true}]}}